{"id":7,"date":"2018-01-09T12:35:35","date_gmt":"2018-01-09T10:35:35","guid":{"rendered":"http:\/\/test.sigmund-freud-institut.de\/Wordpress\/?page_id=7"},"modified":"2024-08-28T16:10:02","modified_gmt":"2024-08-28T14:10:02","slug":"home","status":"publish","type":"page","link":"https:\/\/sigmund-freud-institut.de\/","title":{"rendered":"Home"},"content":{"rendered":"<p><img loading=\"lazy\" decoding=\"async\" class=\"alignnone size-full wp-image-2439\" src=\"https:\/\/www.sigmund-freud-institut.de\/wp-content\/uploads\/union-jack-26119_1280-e1557401751941.png\" alt=\"\" width=\"45\" height=\"27\" \/><strong>\u00a0 <a href=\"https:\/\/www.sigmund-freud-institut.de\/index.php\/home\/home-engl-version\/\">ENGLISH VERSION<\/a><\/strong><\/p>\n<p><img loading=\"lazy\" decoding=\"async\" class=\"wp-image-72 alignnone\" src=\"http:\/\/test.sigmund-freud-institut.de\/Wordpress\/wp-content\/uploads\/pic-591.jpg\" alt=\"\" width=\"372\" height=\"227\" srcset=\"https:\/\/sigmund-freud-institut.de\/wp-content\/uploads\/pic-591.jpg 380w, https:\/\/sigmund-freud-institut.de\/wp-content\/uploads\/pic-591-150x92.jpg 150w\" sizes=\"auto, (max-width: 372px) 100vw, 372px\" \/><\/p>\n<p><strong>SIGMUND-FREUD-INSTITUT <\/strong>Frankfurt am Main<\/p>\n<p>Das Sigmund-Freud-Institut, ein Forschungsinstitut f\u00fcr Psychoanalyse und ihre Anwendungen in Frankfurt am Main, wurde 1960 er\u00f6ffnet. Die Hessische Stiftung Sigmund-Freud-Institut ist eine selbst\u00e4ndige Stiftung des \u00f6ffentlichen Rechts.<\/p>\n<p>Zentrale Aufgaben des Instituts sind Forschung sowie F\u00f6rderung der Early Career Researcher mit Blick auf die wissenschaftliche Untersuchung von Psyche und Gesellschaft in den psychoanalytisch orientierten soziologisch-sozialpsychologischen, psychologischen und medizinischen Abteilungen der Einrichtung. Organisationale Grundlage ist eine enge Zusammenarbeit mit den Universit\u00e4ten Frankfurt und Kassel, wichtige Kooperationen bestehen zudem mit zahlreichen universit\u00e4ren und au\u00dferuniversit\u00e4ren Einrichtungen im In- und Ausland.<\/p>\n<p>Forschungen der soziologisch-sozialpsychologischen, der psychologischen und der medizinisch-psychoanalytischen Bereiche untersuchen die Dynamik des Psychischen auch mit Blick auf die Wechselwirkungen von Gesellschaft und Individuum. In dieser Verbindung leistet das Institut einen einzigartigen Beitrag zur Erforschung von Kultur und Psyche, von psychischen Entwicklungen, von Leiden oder sozialen und individuellen Pathologien sowie zu M\u00f6glichkeiten psychotherapeutischer Behandlung, wobei auch die Folgen der Corona-Pandemie in allen Bereichen einbezogen werden.<\/p>\n<p>Im Jahr 2020, dem 60. Jahr seines Bestehens, w\u00fcrdigte der Wissenschaftsrat die Arbeit des Sigmund-Freud-Instituts und betonte zugleich die innovativen Initiativen, die die neu besetzte Institutsleitung seit 2016 mit gro\u00dfem Engagement auf den Weg gebracht habe.<\/p>\n<p>Aktuelle sozialpsychologische Schwerpunkte liegen etwa in Forschungen zur Digitalisierung, zu Zeitstrukturen, Optimierung und Nachhaltigkeit. Interdisziplin\u00e4re Projekte und ein gemeinsames Promotionskolleg laufen zu psychosozialen Folgen von Migration und Flucht. Auch Forschungen zu gesellschaftlichen Krisen und Problemlagen wie zeitgen\u00f6ssische Formen des Autoritarismus oder Antisemitismus verkn\u00fcpfen auf neue Weise die Dynamiken des Sozialen und Psychischen. Im klinischen Bereich werden ankn\u00fcpfend an die Ambulanzt\u00e4tigkeit neue Projekte generiert; so erschlie\u00dfen Forschungen derzeit zum Beispiel die M\u00f6glichkeiten der psychoanalytischen Kurztherapien bei Zwangserkrankungen und beheben damit schwerwiegende Forschungsl\u00fccken. Pilotprojekte gehen den Ursachen komplexer Traumata bei Kindern nach oder analysieren in bereichs\u00fcbergreifenden interdisziplin\u00e4ren klinisch-sozialpsychologischen Kooperationen die Bedeutungen digitaler Medien.<\/p>\n<p>Zu den besonderen Aufgaben des Instituts geh\u00f6rt es auch, die Befunde f\u00fcr gesundheits- und sozialpolitische Problemstellungen fruchtbar zu machen. Dabei bilden Pr\u00e4ventions- und Evaluationsprojekte im Bereich der psychosozialen Betreuung von Fl\u00fcchtlingen ebenso wie die psychotherapeutische Versorgung der Bev\u00f6lkerung wichtige Transferleistungen des Instituts. In der Forschungsambulanz werden j\u00e4hrlich rund 400 Patienten betreut und weitervermittelt. \u00dcberdies bietet das Institut Beratung, Supervision und Krisenhilfe f\u00fcr Organisationen an.<\/p>\n","protected":false},"excerpt":{"rendered":"<p>\u00a0 ENGLISH VERSION SIGMUND-FREUD-INSTITUT Frankfurt am Main Das Sigmund-Freud-Institut, ein Forschungsinstitut f\u00fcr Psychoanalyse und ihre Anwendungen in Frankfurt am Main, wurde 1960 er\u00f6ffnet. Die Hessische Stiftung Sigmund-Freud-Institut ist eine selbst\u00e4ndige Stiftung des \u00f6ffentlichen Rechts. Zentrale Aufgaben des Instituts sind Forschung sowie F\u00f6rderung der Early Career Researcher mit Blick auf die wissenschaftliche Untersuchung von Psyche und &hellip; <\/p>\n<p class=\"link-more\"><a href=\"https:\/\/sigmund-freud-institut.de\/\" class=\"more-link\"><span class=\"screen-reader-text\">\u201eHome\u201c<\/span> weiterlesen<\/a><\/p>\n","protected":false},"author":1,"featured_media":0,"parent":0,"menu_order":159,"comment_status":"closed","ping_status":"closed","template":"","meta":{"footnotes":""},"class_list":["post-7","page","type-page","status-publish","hentry"],"_links":{"self":[{"href":"https:\/\/sigmund-freud-institut.de\/index.php\/wp-json\/wp\/v2\/pages\/7","targetHints":{"allow":["GET"]}}],"collection":[{"href":"https:\/\/sigmund-freud-institut.de\/index.php\/wp-json\/wp\/v2\/pages"}],"about":[{"href":"https:\/\/sigmund-freud-institut.de\/index.php\/wp-json\/wp\/v2\/types\/page"}],"author":[{"embeddable":true,"href":"https:\/\/sigmund-freud-institut.de\/index.php\/wp-json\/wp\/v2\/users\/1"}],"replies":[{"embeddable":true,"href":"https:\/\/sigmund-freud-institut.de\/index.php\/wp-json\/wp\/v2\/comments?post=7"}],"version-history":[{"count":2,"href":"https:\/\/sigmund-freud-institut.de\/index.php\/wp-json\/wp\/v2\/pages\/7\/revisions"}],"predecessor-version":[{"id":13770,"href":"https:\/\/sigmund-freud-institut.de\/index.php\/wp-json\/wp\/v2\/pages\/7\/revisions\/13770"}],"wp:attachment":[{"href":"https:\/\/sigmund-freud-institut.de\/index.php\/wp-json\/wp\/v2\/media?parent=7"}],"curies":[{"name":"wp","href":"https:\/\/api.w.org\/{rel}","templated":true}]}}